{"id":183,"date":"2015-05-13T07:17:09","date_gmt":"2015-05-13T07:17:09","guid":{"rendered":"http:\/\/brandexponents.com\/oshin\/v17\/?page_id=183"},"modified":"2025-09-03T13:38:19","modified_gmt":"2025-09-03T13:38:19","slug":"pricing","status":"publish","type":"page","link":"https:\/\/www.artotapio.org\/index.php\/pricing\/","title":{"rendered":"hinnasto"},"content":{"rendered":"<div  class=\"tatsu-BJZjgNpBcgx tatsu-section  tatsu-bg-overlay   tatsu-clearfix\" data-title=\"\"  data-headerscheme=\"background--dark\"><div class='tatsu-section-pad clearfix' data-padding='{\"d\":\"90px 0px 90px 0px\"}' data-padding-top='90px'><div class=\"tatsu-row-wrap  tatsu-wrap tatsu-row-one-col tatsu-row-has-one-cols tatsu-medium-gutter tatsu-reg-cols  tatsu-clearfix tatsu-HJese4aH5ge\" ><div  class=\"tatsu-row \" ><div  class=\"tatsu-column  tatsu-bg-overlay tatsu-column-empty tatsu-one-col tatsu-column-image-none tatsu-column-effect-none  tatsu-SyjgETSceg\"  data-parallax-speed=\"0\" style=\"\"><div class=\"tatsu-column-inner \" ><div class=\"tatsu-column-pad-wrap\"><div class=\"tatsu-column-pad\" ><\/div><\/div><div class = \"tatsu-column-bg-image-wrap\"><div class = \"tatsu-column-bg-image\" ><\/div><\/div><div class=\"tatsu-overlay tatsu-column-overlay tatsu-animate-none\" ><\/div><\/div><style>.tatsu-row > .tatsu-SyjgETSceg.tatsu-column{width: 100%;}.tatsu-SyjgETSceg.tatsu-column > .tatsu-column-inner > .tatsu-column-overlay{mix-blend-mode: normal;}.tatsu-SyjgETSceg > .tatsu-column-inner > .tatsu-top-divider{z-index: 9999;}.tatsu-SyjgETSceg > .tatsu-column-inner > .tatsu-bottom-divider{z-index: 9999;}.tatsu-SyjgETSceg > .tatsu-column-inner > .tatsu-left-divider{z-index: 9999;}.tatsu-SyjgETSceg > .tatsu-column-inner > .tatsu-right-divider{z-index: 9999;}@media only screen and (max-width:1377px) {.tatsu-row > .tatsu-SyjgETSceg.tatsu-column{width: 100%;}}@media only screen and (min-width:768px) and (max-width: 1024px) {.tatsu-row > .tatsu-SyjgETSceg.tatsu-column{width: 100%;}}@media only screen and (max-width: 767px) {.tatsu-row > .tatsu-SyjgETSceg.tatsu-column{width: 100%;}}<\/style><\/div><\/div><\/div><\/div><div class=\"tatsu-section-background-wrap\"><div class = \"tatsu-section-background\" ><\/div><\/div><div class=\"tatsu-overlay tatsu-section-overlay\"><\/div><style>.tatsu-BJZjgNpBcgx .tatsu-section-pad{padding: 90px 0px 90px 0px;}.tatsu-BJZjgNpBcgx .tatsu-section-offset-wrap{transform: translateY(-0px);}.tatsu-BJZjgNpBcgx > .tatsu-bottom-divider{z-index: 9999;}.tatsu-BJZjgNpBcgx > .tatsu-top-divider{z-index: 9999;}.tatsu-BJZjgNpBcgx .tatsu-section-overlay{mix-blend-mode: normal;}<\/style><\/div><div  class=\"tatsu-fqp29soyaw7375g8 tatsu-section    tatsu-clearfix\" data-title=\"\"  data-headerscheme=\"background--dark\"><div class='tatsu-section-pad clearfix' data-padding='{\"d\":\"90px 0% 90px 0%\"}' data-padding-top='90px'><div class=\"tatsu-row-wrap  tatsu-wrap tatsu-row-one-col tatsu-row-has-one-cols tatsu-medium-gutter tatsu-reg-cols  tatsu-clearfix tatsu-fqp29soybj2ysknb\" ><div  class=\"tatsu-row \" ><div  class=\"tatsu-column  tatsu-column-no-bg tatsu-one-col tatsu-column-image-none tatsu-column-effect-none  tatsu-fqp29soybqfmnlvz\"  data-parallax-speed=\"0\" style=\"\"><div class=\"tatsu-column-inner \" ><div class=\"tatsu-column-pad-wrap\"><div class=\"tatsu-column-pad\" ><div  class=\"tatsu-module tatsu-text-block-wrap tatsu-fqp29soybwa6ls4y  \"><div class=\"tatsu-text-inner tatsu-align-center  clearfix\" ><style>.tatsu-fqp29soybwa6ls4y.tatsu-text-block-wrap .tatsu-text-inner{text-align: left;}<\/style>\n<h1 style=\"text-align: center;\"><span style=\"color: #ffffff;\">HINNASTO<\/span><\/h1>\n<\/div><\/div><\/div><\/div><div class = \"tatsu-column-bg-image-wrap\"><div class = \"tatsu-column-bg-image\" ><\/div><\/div><\/div><style>.tatsu-row > .tatsu-fqp29soybqfmnlvz.tatsu-column{width: 100%;}.tatsu-fqp29soybqfmnlvz.tatsu-column > .tatsu-column-inner > .tatsu-column-overlay{mix-blend-mode: none;}.tatsu-fqp29soybqfmnlvz > .tatsu-column-inner > .tatsu-top-divider{z-index: 9999;}.tatsu-fqp29soybqfmnlvz > .tatsu-column-inner > .tatsu-bottom-divider{z-index: 9999;}.tatsu-fqp29soybqfmnlvz > .tatsu-column-inner > .tatsu-left-divider{z-index: 9999;}.tatsu-fqp29soybqfmnlvz > .tatsu-column-inner > .tatsu-right-divider{z-index: 9999;}<\/style><\/div><\/div><\/div><\/div><div class=\"tatsu-section-background-wrap\"><div class = \"tatsu-section-background\" ><\/div><\/div><style>.tatsu-fqp29soyaw7375g8.tatsu-section{background-color: #000000;}.tatsu-fqp29soyaw7375g8{border-width: 0px 0px px 0px;border-style: solid;}.tatsu-fqp29soyaw7375g8 .tatsu-section-pad{padding: 90px 0% 90px 0%;}.tatsu-fqp29soyaw7375g8 > .tatsu-bottom-divider{z-index: 9999;}.tatsu-fqp29soyaw7375g8 > .tatsu-top-divider{z-index: 9999;}<\/style><\/div><div  class=\"tatsu-rybT-4_mau tatsu-section  tatsu-bg-overlay   tatsu-clearfix\" data-title=\"\"  data-headerscheme=\"background--dark\"><div class='tatsu-section-pad clearfix' data-padding='{\"d\":\"90px 0px 0px 0px\"}' data-padding-top='90px'><div class=\"tatsu-row-wrap  tatsu-wrap tatsu-row-one-col tatsu-row-has-one-cols tatsu-medium-gutter tatsu-reg-cols  tatsu-clearfix tatsu-Bke6bV_7aO\" ><div  class=\"tatsu-row \" ><div  class=\"tatsu-column  tatsu-bg-overlay tatsu-one-col tatsu-column-image-none tatsu-column-effect-none  tatsu-HkTWNuQ6O\"  data-parallax-speed=\"0\" style=\"\"><div class=\"tatsu-column-inner \" ><div class=\"tatsu-column-pad-wrap\"><div class=\"tatsu-column-pad\" ><div  class=\"tatsu-module tatsu-text-block-wrap tatsu-ryBfV_QTu  \"><div class=\"tatsu-text-inner tatsu-align-center  clearfix\" ><style>.tatsu-ryBfV_QTu.tatsu-text-block-wrap .tatsu-text-inner{width: 100%;text-align: left;}<\/style>\n<p>Hinnat sis\u00e4lt\u00e4v\u00e4t kilometrikorvaukset Keski-Suomen alueelle. Lis\u00e4tunnit 150,00\u20ac\/tunti\u00a0<\/p>\n<\/div><\/div><\/div><\/div><div class = \"tatsu-column-bg-image-wrap\"><div class = \"tatsu-column-bg-image\" ><\/div><\/div><div class=\"tatsu-overlay tatsu-column-overlay tatsu-animate-none\" ><\/div><\/div><style>.tatsu-row > .tatsu-HkTWNuQ6O.tatsu-column{width: 100%;}.tatsu-HkTWNuQ6O.tatsu-column > .tatsu-column-inner > .tatsu-column-overlay{mix-blend-mode: normal;}.tatsu-HkTWNuQ6O > .tatsu-column-inner > .tatsu-top-divider{z-index: 9999;}.tatsu-HkTWNuQ6O > .tatsu-column-inner > .tatsu-bottom-divider{z-index: 9999;}.tatsu-HkTWNuQ6O > .tatsu-column-inner > .tatsu-left-divider{z-index: 9999;}.tatsu-HkTWNuQ6O > .tatsu-column-inner > .tatsu-right-divider{z-index: 9999;}@media only screen and (max-width:1377px) {.tatsu-row > .tatsu-HkTWNuQ6O.tatsu-column{width: 100%;}}@media only screen and (min-width:768px) and (max-width: 1024px) {.tatsu-row > .tatsu-HkTWNuQ6O.tatsu-column{width: 100%;}}@media only screen and (max-width: 767px) {.tatsu-row > .tatsu-HkTWNuQ6O.tatsu-column{width: 100%;}}<\/style><\/div><\/div><\/div><\/div><div class=\"tatsu-section-background-wrap\"><div class = \"tatsu-section-background\" ><\/div><\/div><div class=\"tatsu-overlay tatsu-section-overlay\"><\/div><style>.tatsu-rybT-4_mau .tatsu-section-pad{padding: 90px 0px 0px 0px;}.tatsu-rybT-4_mau .tatsu-section-offset-wrap{transform: translateY(-0px);}.tatsu-rybT-4_mau > .tatsu-bottom-divider{z-index: 9999;}.tatsu-rybT-4_mau > .tatsu-top-divider{z-index: 9999;}.tatsu-rybT-4_mau .tatsu-section-overlay{mix-blend-mode: normal;}<\/style><\/div><div  class=\"tatsu-fqp29soyf0c5e8vb tatsu-section    tatsu-clearfix\" data-title=\"\"  data-headerscheme=\"background--dark\"><div class='tatsu-section-pad clearfix' data-padding='{\"d\":\"30px 0% 90px 0%\"}' data-padding-top='30px'><div class=\"tatsu-row-wrap  tatsu-wrap tatsu-row-has-one-half tatsu-row-has-two-cols tatsu-medium-gutter tatsu-eq-cols  tatsu-clearfix tatsu-fqp29soyf865mbe4\" ><div  class=\"tatsu-row \" ><div  class=\"tatsu-column  tatsu-column-no-bg tatsu-one-half tatsu-column-image-none tatsu-column-effect-none  tatsu-fqp29soyfd6cx7dl\"  data-parallax-speed=\"0\" style=\"\"><div class=\"tatsu-column-inner \" ><div class=\"tatsu-column-pad-wrap\"><div class=\"tatsu-column-pad\" ><ul class=\"pricing-table sec-border highlight-no oshine-module be-animate tatsu-fqp29soyfibvbchl\" data-animation=\"none\"><li class=\"pricing-title\" ><h5 class=\"pricing-title-head-tag\" >H\u00e4\u00e4kuvaus 1<\/h5><\/li><li class=\"pricing-price\"><h2 class=\"price\"><span class=\"currency\"><\/span>1890,00 \u20ac<\/h2><span class=\"pricing-duration special-subtitle\">T\u00e4h\u00e4n pakettiin voi itse r\u00e4\u00e4t\u00e4l\u00f6id\u00e4 kuvataanko  ennemmin alkuvalmisteluita vai loppuillan juhlintaa<\/span><\/li><li class=\"pricing-feature highlight tatsu-SyV43yW6d\" ><span class=\"pricing-feature-container\" >Kuvaaja paikalla 10H<\/span><style>.tatsu-SyV43yW6d.pricing-feature{background-color: #fafafa;}.tatsu-SyV43yW6d .pricing-feature-container{color: rgba(155,155,155,1) ;}<\/style><\/li><li class=\"pricing-feature no-highlight tatsu-BJr4ono1t\" ><span class=\"pricing-feature-container\" >Suunnittelupalaveri ennen h\u00e4it\u00e4<\/span><\/li><li class=\"pricing-feature no-highlight tatsu-fqp29soyfyd5t6pf\" ><span class=\"pricing-feature-container\" >H\u00e4\u00e4p\u00e4iv\u00e4n dokumentaarinen kuvaus (vihkiminen, potretit ja juhlapaikalla kuvaus)<\/span><\/li><li class=\"pricing-feature no-highlight tatsu-fqp29soyjkc04gcj\" ><span class=\"pricing-feature-container\" >Kaikkien kuvien perusk\u00e4sittely (mm. kuvien valotasapainot ja valotukset)<\/span><\/li><li class=\"pricing-feature no-highlight tatsu-fqp29soyph3nge2n\" ><span class=\"pricing-feature-container\" >Kuvien toimitus weblinkkin\u00e4<\/span><\/li><li class=\"pricing-feature no-highlight tatsu-fqp29soys31s4j1z\" ><span class=\"pricing-feature-container\" >Web galleria<\/span><\/li><style>.tatsu-fqp29soyfibvbchl .pricing-title{background-color: #888888;}.tatsu-fqp29soyfibvbchl .pricing-title-head-tag{color: rgba(255,255,255,1) ;}<\/style><\/ul><ul class=\"pricing-table sec-border highlight-no oshine-module be-animate tatsu-fqp29sozaoarsfsz\" data-animation=\"none\"><li class=\"pricing-title\" ><h5 class=\"pricing-title-head-tag\" >Potretit ja vihkiminen<\/h5><\/li><li class=\"pricing-price\"><h2 class=\"price\"><span class=\"currency\"><\/span>690,00 \u20ac<\/h2><span class=\"pricing-duration special-subtitle\"><\/span><\/li><li class=\"pricing-feature no-highlight tatsu-fqp29sozb35xs9t0\" ><span class=\"pricing-feature-container\" >Potretit milj\u00f6\u00f6ss\u00e4 tai studiossa<\/span><\/li><li class=\"pricing-feature no-highlight tatsu-SyYmpkba_\" ><span class=\"pricing-feature-container\" >Vihkimisen kuvaus<\/span><\/li><li class=\"pricing-feature no-highlight tatsu-r1pXa1WT_\" ><span class=\"pricing-feature-container\" >Kuvien toimitus weblinkkin\u00e4<\/span><\/li><style>.tatsu-fqp29sozaoarsfsz .pricing-title{background-color: #888888;}.tatsu-fqp29sozaoarsfsz .pricing-title-head-tag{color: rgba(255,255,255,1) ;}<\/style><\/ul><\/div><\/div><div class = \"tatsu-column-bg-image-wrap\"><div class = \"tatsu-column-bg-image\" ><\/div><\/div><\/div><style>.tatsu-row > .tatsu-fqp29soyfd6cx7dl.tatsu-column{width: 50%;}.tatsu-fqp29soyfd6cx7dl.tatsu-column > .tatsu-column-inner > .tatsu-column-overlay{mix-blend-mode: none;}.tatsu-fqp29soyfd6cx7dl > .tatsu-column-inner > .tatsu-top-divider{z-index: 9999;}.tatsu-fqp29soyfd6cx7dl > .tatsu-column-inner > .tatsu-bottom-divider{z-index: 9999;}.tatsu-fqp29soyfd6cx7dl > .tatsu-column-inner > .tatsu-left-divider{z-index: 9999;}.tatsu-fqp29soyfd6cx7dl > .tatsu-column-inner > .tatsu-right-divider{z-index: 9999;}@media only screen and (max-width:1377px) {.tatsu-row > .tatsu-fqp29soyfd6cx7dl.tatsu-column{width: 50%;}}@media only screen and (min-width:768px) and (max-width: 1024px) {.tatsu-row > .tatsu-fqp29soyfd6cx7dl.tatsu-column{width: 50%;}}@media only screen and (max-width: 767px) {.tatsu-row > .tatsu-fqp29soyfd6cx7dl.tatsu-column{width: 100%;}}<\/style><\/div><div  class=\"tatsu-column  tatsu-bg-overlay tatsu-one-half tatsu-column-image-none tatsu-column-effect-none  tatsu-Sye9fCkWpO\"  data-parallax-speed=\"0\" style=\"\"><div class=\"tatsu-column-inner \" ><div class=\"tatsu-column-pad-wrap\"><div class=\"tatsu-column-pad\" ><ul class=\"pricing-table sec-border highlight-no oshine-module be-animate tatsu-Hy4rak-T_\" data-animation=\"none\"><li class=\"pricing-title\" ><h5 class=\"pricing-title-head-tag\" >H\u00e4\u00e4kuvaus 2<\/h5><\/li><li class=\"pricing-price\"><h2 class=\"price\"><span class=\"currency\"><\/span>1590,00 \u20ac<\/h2><span class=\"pricing-duration special-subtitle\">Suosituin paketti t\u00e4ll\u00e4 hetkell\u00e4<\/span><\/li><li class=\"pricing-feature highlight tatsu-BJgVrT1bT_\" ><span class=\"pricing-feature-container\" >Kuvaaja paikalla 8H<\/span><style>.tatsu-BJgVrT1bT_.pricing-feature{background-color: #fafafa;}.tatsu-BJgVrT1bT_ .pricing-feature-container{color: rgba(155,155,155,1) ;}<\/style><\/li><li class=\"pricing-feature no-highlight tatsu-HJwbihoJt\" ><span class=\"pricing-feature-container\" >Suunnitelupalaveri ennen h\u00e4it\u00e4<\/span><\/li><li class=\"pricing-feature no-highlight tatsu-H1b4rTJb6u\" ><span class=\"pricing-feature-container\" >H\u00e4\u00e4p\u00e4iv\u00e4n dokumentaarinen kuvaus (vihkiminen, potretit ja juhlapaikalla kuvaus)<\/span><\/li><li class=\"pricing-feature no-highlight tatsu-HJGNS6JWp_\" ><span class=\"pricing-feature-container\" >Kaikkien kuvien perusk\u00e4sittely (mm. kuvien valotasapainot ja valotukset)<\/span><\/li><li class=\"pricing-feature no-highlight tatsu-r17EBpJbau\" ><span class=\"pricing-feature-container\" >Kuvien toimitus weblinkkin\u00e4<\/span><\/li><li class=\"pricing-feature no-highlight tatsu-SJ__6yW6u\" ><span class=\"pricing-feature-container\" >Web galleria<\/span><\/li><style>.tatsu-Hy4rak-T_ .pricing-title{background-color: #888888;}.tatsu-Hy4rak-T_ .pricing-title-head-tag{color: rgba(255,255,255,1) ;}<\/style><\/ul><ul class=\"pricing-table sec-border highlight-no oshine-module be-animate tatsu-fqp29soyvfd8ylbf\" data-animation=\"none\"><li class=\"pricing-title\" ><h5 class=\"pricing-title-head-tag\" >Henkil\u00f6kuvaus<\/h5><\/li><li class=\"pricing-price\"><h2 class=\"price\"><span class=\"currency\"><\/span>290,00 \u20ac<\/h2><span class=\"pricing-duration special-subtitle\">Lapsi-, perhe-, odotus ja newbornkuvat<\/span><\/li><li class=\"pricing-feature no-highlight tatsu-fqp29soyvvbgcbr0\" ><span class=\"pricing-feature-container\" >Kuvat studiossa tai milj\u00f6\u00f6ss\u00e4<\/span><\/li><li class=\"pricing-feature no-highlight tatsu-HygR2kZad\" ><span class=\"pricing-feature-container\" >Hinta sis\u00e4lt\u00e4\u00e4 10 valmista digitaalista kuvaa. Lis\u00e4kuvat 25\u20ac\/kpl<\/span><\/li><li class=\"pricing-feature no-highlight tatsu-HkEka1Zpd\" ><span class=\"pricing-feature-container\" >Kuvien toimitus weblinkkin\u00e4<\/span><\/li><li class=\"pricing-feature no-highlight tatsu-SJpkaJbTd\" ><span class=\"pricing-feature-container\" >Parhaiden kuvien huolellisen j\u00e4lkik\u00e4sittelyn<\/span><\/li><style>.tatsu-fqp29soyvfd8ylbf .pricing-title{background-color: rgba(155,155,155,1);}.tatsu-fqp29soyvfd8ylbf .pricing-title-head-tag{color: rgba(255,255,255,1) ;}<\/style><\/ul><ul class=\"pricing-table sec-border highlight-no oshine-module be-animate tatsu-BkFEL3jgt\" data-animation=\"none\"><li class=\"pricing-title\" ><h5 class=\"pricing-title-head-tag\" >Huomenlahjakuvaus<\/h5><\/li><li class=\"pricing-price\"><h2 class=\"price\"><span class=\"currency\"><\/span>290,00 \u20ac<\/h2><span class=\"pricing-duration special-subtitle\">Sensuellit ja kauniit huomenlahjakuvat<\/span><\/li><li class=\"pricing-feature no-highlight tatsu-SkeYNLhiet\" ><span class=\"pricing-feature-container\" >Kuvat studiossa tai milj\u00f6\u00f6ss\u00e4<\/span><\/li><li class=\"pricing-feature no-highlight tatsu-By-t4Lnigt\" ><span class=\"pricing-feature-container\" >Hinta sis\u00e4lt\u00e4\u00e4 10 valmista digitaalista kuvaa. Lis\u00e4kuvat 25\u20ac\/kpl<\/span><\/li><li class=\"pricing-feature no-highlight tatsu-Sy7KVU2ogK\" ><span class=\"pricing-feature-container\" >Kuvien toimitus weblinkkin\u00e4<\/span><\/li><style>.tatsu-BkFEL3jgt .pricing-title{background-color: rgba(155,155,155,1);}.tatsu-BkFEL3jgt .pricing-title-head-tag{color: rgba(255,255,255,1) ;}<\/style><\/ul><\/div><\/div><div class = \"tatsu-column-bg-image-wrap\"><div class = \"tatsu-column-bg-image\" ><\/div><\/div><div class=\"tatsu-overlay tatsu-column-overlay tatsu-animate-none\" ><\/div><\/div><style>.tatsu-row > .tatsu-Sye9fCkWpO.tatsu-column{width: 50%;}.tatsu-Sye9fCkWpO.tatsu-column > .tatsu-column-inner > .tatsu-column-overlay{mix-blend-mode: normal;}.tatsu-Sye9fCkWpO > .tatsu-column-inner > .tatsu-top-divider{z-index: 9999;}.tatsu-Sye9fCkWpO > .tatsu-column-inner > .tatsu-bottom-divider{z-index: 9999;}.tatsu-Sye9fCkWpO > .tatsu-column-inner > .tatsu-left-divider{z-index: 9999;}.tatsu-Sye9fCkWpO > .tatsu-column-inner > .tatsu-right-divider{z-index: 9999;}@media only screen and (max-width:1377px) {.tatsu-row > .tatsu-Sye9fCkWpO.tatsu-column{width: 50%;}}@media only screen and (min-width:768px) and (max-width: 1024px) {.tatsu-row > .tatsu-Sye9fCkWpO.tatsu-column{width: 50%;}}@media only screen and (max-width: 767px) {.tatsu-row > .tatsu-Sye9fCkWpO.tatsu-column{width: 100%;}}<\/style><\/div><\/div><\/div><\/div><div class=\"tatsu-section-background-wrap\"><div class = \"tatsu-section-background\" ><\/div><\/div><style>.tatsu-fqp29soyf0c5e8vb .tatsu-section-pad{padding: 30px 0% 90px 0%;}.tatsu-fqp29soyf0c5e8vb > .tatsu-bottom-divider{z-index: 9999;}.tatsu-fqp29soyf0c5e8vb > .tatsu-top-divider{z-index: 9999;}<\/style><\/div><div  class=\"tatsu-HJbPGLnslK tatsu-section  tatsu-bg-overlay   tatsu-clearfix\" data-title=\"\"  data-headerscheme=\"background--dark\"><div class='tatsu-section-pad clearfix' data-padding='{\"d\":\"90px 0px 90px 0px\"}' data-padding-top='90px'><div class=\"tatsu-row-wrap  tatsu-wrap tatsu-row-one-col tatsu-row-has-one-cols tatsu-medium-gutter tatsu-reg-cols  tatsu-clearfix tatsu-ryxvMLnixF\" ><div  class=\"tatsu-row \" ><div  class=\"tatsu-column  tatsu-bg-overlay tatsu-column-empty tatsu-one-col tatsu-column-image-none tatsu-column-effect-none  tatsu-rywzInogt\"  data-parallax-speed=\"0\" style=\"\"><div class=\"tatsu-column-inner \" ><div class=\"tatsu-column-pad-wrap\"><div class=\"tatsu-column-pad\" ><\/div><\/div><div class = \"tatsu-column-bg-image-wrap\"><div class = \"tatsu-column-bg-image\" ><\/div><\/div><div class=\"tatsu-overlay tatsu-column-overlay tatsu-animate-none\" ><\/div><\/div><style>.tatsu-row > .tatsu-rywzInogt.tatsu-column{width: 100%;}.tatsu-rywzInogt.tatsu-column > .tatsu-column-inner > .tatsu-column-overlay{mix-blend-mode: normal;}.tatsu-rywzInogt > .tatsu-column-inner > .tatsu-top-divider{z-index: 9999;}.tatsu-rywzInogt > .tatsu-column-inner > .tatsu-bottom-divider{z-index: 9999;}.tatsu-rywzInogt > .tatsu-column-inner > .tatsu-left-divider{z-index: 9999;}.tatsu-rywzInogt > .tatsu-column-inner > .tatsu-right-divider{z-index: 9999;}@media only screen and (max-width:1377px) {.tatsu-row > .tatsu-rywzInogt.tatsu-column{width: 100%;}}@media only screen and (min-width:768px) and (max-width: 1024px) {.tatsu-row > .tatsu-rywzInogt.tatsu-column{width: 100%;}}@media only screen and (max-width: 767px) {.tatsu-row > .tatsu-rywzInogt.tatsu-column{width: 100%;}}<\/style><\/div><\/div><\/div><\/div><div class=\"tatsu-section-background-wrap\"><div class = \"tatsu-section-background\" ><\/div><\/div><div class=\"tatsu-overlay tatsu-section-overlay\"><\/div><style>.tatsu-HJbPGLnslK .tatsu-section-pad{padding: 90px 0px 90px 0px;}.tatsu-HJbPGLnslK .tatsu-section-offset-wrap{transform: translateY(-0px);}.tatsu-HJbPGLnslK > .tatsu-bottom-divider{z-index: 9999;}.tatsu-HJbPGLnslK > .tatsu-top-divider{z-index: 9999;}.tatsu-HJbPGLnslK .tatsu-section-overlay{mix-blend-mode: normal;}<\/style><\/div>\n","protected":false},"excerpt":{"rendered":"<p><a href=\"https:\/\/www.artotapio.org\/index.php\/pricing\/\" class=\"more-link style3-button\">Read More<\/a><\/p>","protected":false},"author":1,"featured_media":0,"parent":0,"menu_order":0,"comment_status":"open","ping_status":"closed","template":"","meta":{"footnotes":""},"class_list":["post-183","page","type-page","status-publish","hentry"],"_links":{"self":[{"href":"https:\/\/www.artotapio.org\/index.php\/wp-json\/wp\/v2\/pages\/183","targetHints":{"allow":["GET"]}}],"collection":[{"href":"https:\/\/www.artotapio.org\/index.php\/wp-json\/wp\/v2\/pages"}],"about":[{"href":"https:\/\/www.artotapio.org\/index.php\/wp-json\/wp\/v2\/types\/page"}],"author":[{"embeddable":true,"href":"https:\/\/www.artotapio.org\/index.php\/wp-json\/wp\/v2\/users\/1"}],"replies":[{"embeddable":true,"href":"https:\/\/www.artotapio.org\/index.php\/wp-json\/wp\/v2\/comments?post=183"}],"version-history":[{"count":35,"href":"https:\/\/www.artotapio.org\/index.php\/wp-json\/wp\/v2\/pages\/183\/revisions"}],"predecessor-version":[{"id":4016,"href":"https:\/\/www.artotapio.org\/index.php\/wp-json\/wp\/v2\/pages\/183\/revisions\/4016"}],"wp:attachment":[{"href":"https:\/\/www.artotapio.org\/index.php\/wp-json\/wp\/v2\/media?parent=183"}],"curies":[{"name":"wp","href":"https:\/\/api.w.org\/{rel}","templated":true}]}}