{"id":174,"date":"2015-05-12T12:22:36","date_gmt":"2015-05-12T12:22:36","guid":{"rendered":"http:\/\/brandexponents.com\/oshin\/v17\/?page_id=174"},"modified":"2022-06-20T09:29:38","modified_gmt":"2022-06-20T09:29:38","slug":"contact","status":"publish","type":"page","link":"https:\/\/www.artotapio.org\/index.php\/contact\/","title":{"rendered":"Contact"},"content":{"rendered":"<div  class=\"tatsu-fqp29s6cs9cuvirq tatsu-section    tatsu-clearfix\" data-title=\"\"  data-headerscheme=\"background--light\"><div class='tatsu-section-pad clearfix' data-padding='{\"d\":\"40px 0% 90px 0%\"}' data-padding-top='40px'><div class=\"tatsu-row-wrap  tatsu-wrap tatsu-row-one-col tatsu-row-has-one-cols tatsu-medium-gutter tatsu-reg-cols  tatsu-clearfix tatsu-fqp29s6cst1zpk7u\" ><div  class=\"tatsu-row \" ><div  class=\"tatsu-column  tatsu-column-no-bg tatsu-one-col tatsu-column-image-none tatsu-column-effect-none  tatsu-fqp29s6csz3byr1l\"  data-parallax-speed=\"0\" style=\"\"><div class=\"tatsu-column-inner \" ><div class=\"tatsu-column-pad-wrap\"><div class=\"tatsu-column-pad\" ><div  class=\"special-heading-wrap style1 oshine-module  tatsu-fqp29s6ct5jazfo  \" ><div class=\"special-heading align-center\"><h4 class=\"special-h-tag\" >Ollaan yhteyksiss\u00e4<\/h4><div class=\"sep-with-icon-wrap margin-bottom\"><span class=\"sep-with-icon\" ><\/span><i class=\"sep-icon font-icon oshine_diamond\"><\/i><span class=\"sep-with-icon\" ><\/span><\/div><\/div><style>.tatsu-fqp29s6ct5jazfo .sep-icon.oshine_diamond{background: #000000;}.tatsu-fqp29s6ct5jazfo .sep-with-icon{height: 1px;width: 35px;background: #dddddd;}<\/style><\/div><div  class=\"special-subtitle-wrap  tatsu-fqp29s6cw336qmgs  \"  ><div class=\"align-center\"><span class=\"special-subtitle\" >En malta odottaa, ett\u00e4 p\u00e4\u00e4sen juttelemaan ja suunnittelemaan kuvausta teid\u00e4n kanssa tarkemmin. J\u00e4t\u00e4h\u00e4n t\u00e4st\u00e4 viestin mulle niin vastaan mahdollisimman pian takaisin.<\/span><\/div><style>.tatsu-fqp29s6cw336qmgs .special-subtitle{font-size: 14px;width: 80%;}.tatsu-fqp29s6cw336qmgs.special-subtitle-wrap{margin-bottom: 30px;}<\/style><\/div><\/div><\/div><div class = \"tatsu-column-bg-image-wrap\"><div class = \"tatsu-column-bg-image\" ><\/div><\/div><\/div><style>.tatsu-row > .tatsu-fqp29s6csz3byr1l.tatsu-column{width: 100%;}.tatsu-fqp29s6csz3byr1l.tatsu-column > .tatsu-column-inner > .tatsu-column-overlay{mix-blend-mode: none;}.tatsu-fqp29s6csz3byr1l > .tatsu-column-inner > .tatsu-top-divider{z-index: 9999;}.tatsu-fqp29s6csz3byr1l > .tatsu-column-inner > .tatsu-bottom-divider{z-index: 9999;}.tatsu-fqp29s6csz3byr1l > .tatsu-column-inner > .tatsu-left-divider{z-index: 9999;}.tatsu-fqp29s6csz3byr1l > .tatsu-column-inner > .tatsu-right-divider{z-index: 9999;}<\/style><\/div><\/div><\/div><\/div><div class=\"tatsu-section-background-wrap\"><div class = \"tatsu-section-background\" ><\/div><\/div><style>.tatsu-fqp29s6cs9cuvirq{border-width: 0px 0px px 0px;border-style: solid;}.tatsu-fqp29s6cs9cuvirq .tatsu-section-pad{padding: 40px 0% 90px 0%;}.tatsu-fqp29s6cs9cuvirq > .tatsu-bottom-divider{z-index: 9999;}.tatsu-fqp29s6cs9cuvirq > .tatsu-top-divider{z-index: 9999;}<\/style><\/div><div  class=\"tatsu-fqp29s6d7gds5n7y tatsu-section    tatsu-clearfix\" data-title=\"\"  data-headerscheme=\"background--light\"><div class='tatsu-section-pad clearfix' data-padding='{\"d\":\"43px 0% 90px 0%\"}' data-padding-top='43px'><div class=\"tatsu-row-wrap  tatsu-wrap tatsu-row-has-three-cols tatsu-medium-gutter tatsu-reg-cols  tatsu-clearfix tatsu-fqp29s6d823j9pdq\" ><div  class=\"tatsu-row \" ><div  class=\"tatsu-column  tatsu-column-no-bg tatsu-one-third tatsu-column-image-none tatsu-column-effect-none  tatsu-fqp29s6d8845awje\"  data-parallax-speed=\"0\" style=\"\"><div class=\"tatsu-column-inner \" ><div class=\"tatsu-column-pad-wrap\"><div class=\"tatsu-column-pad\" ><div  class=\"tatsu-empty-space  tatsu-fqp29s6dbj7h8rfs  \" ><style>.tatsu-fqp29s6dbj7h8rfs.tatsu-empty-space{height: 30px;}<\/style><\/div><div  class=\"tatsu-module tatsu-text-block-wrap tatsu-fqp29s6df32niqyp  \"><div class=\"tatsu-text-inner tatsu-align-center  clearfix\" ><style>.tatsu-fqp29s6df32niqyp.tatsu-text-block-wrap .tatsu-text-inner{text-align: left;}<\/style>\n<h6 style=\"text-align: left;\">Osoite:<\/h6>\n<p style=\"text-align: left;\">Vasarakatu 9 C, 40320 Jyv\u00e4skyl\u00e4<\/p>\n<h6 style=\"text-align: left;\">Puhelin:<\/h6>\n<p style=\"text-align: left;\">+358 40 595 3543<\/p>\n<h6 style=\"text-align: left;\">Email:<\/h6>\n<p style=\"text-align: left;\">photo@artotapio.org<\/p>\n<\/div><\/div><\/div><\/div><div class = \"tatsu-column-bg-image-wrap\"><div class = \"tatsu-column-bg-image\" ><\/div><\/div><\/div><style>.tatsu-row > .tatsu-fqp29s6d8845awje.tatsu-column{width: 25.8%;}.tatsu-fqp29s6d8845awje.tatsu-column > .tatsu-column-inner > .tatsu-column-pad-wrap > .tatsu-column-pad{padding: 0% 0% 0% 0%;}.tatsu-fqp29s6d8845awje.tatsu-column > .tatsu-column-inner > .tatsu-column-overlay{mix-blend-mode: none;}.tatsu-fqp29s6d8845awje > .tatsu-column-inner > .tatsu-top-divider{z-index: 9999;}.tatsu-fqp29s6d8845awje > .tatsu-column-inner > .tatsu-bottom-divider{z-index: 9999;}.tatsu-fqp29s6d8845awje > .tatsu-column-inner > .tatsu-left-divider{z-index: 9999;}.tatsu-fqp29s6d8845awje > .tatsu-column-inner > .tatsu-right-divider{z-index: 9999;}@media only screen and (max-width:1377px) {.tatsu-row > .tatsu-fqp29s6d8845awje.tatsu-column{width: 33.33%;}}@media only screen and (min-width:768px) and (max-width: 1024px) {.tatsu-row > .tatsu-fqp29s6d8845awje.tatsu-column{width: 33.33%;}}@media only screen and (max-width: 767px) {.tatsu-row > .tatsu-fqp29s6d8845awje.tatsu-column{width: 100%;}}<\/style><\/div><div  class=\"tatsu-column  tatsu-column-no-bg tatsu-one-third tatsu-column-image-none tatsu-column-effect-none  tatsu-fqp29s6dhq9j6s0x\"  data-parallax-speed=\"0\" style=\"\"><div class=\"tatsu-column-inner \" ><div class=\"tatsu-column-pad-wrap\"><div class=\"tatsu-column-pad\" ><div  class=\"contact_form contact_form_module oshine-module style1 style1-input tatsu-fqp29s6dhy4adk19   \"  data-consent-error = \"Please check the consent box, in order for us to process this form\">\n\t\t\t\t\t\t<form method=\"post\" class=\"contact\">\n\t\t\t\t\t\t\t<fieldset class=\"field_name contact_fieldset\">\n\t\t\t\t\t\t\t\t<input type=\"text\" name=\"contact_name\" class=\"txt autoclear\" placeholder=\"Name\" style=\"border-width:0px\" \/>\n\t\t\t\t\t\t\t<\/fieldset>\n\t\t\t\t\t\t\t<fieldset class=\"field_email contact_fieldset\">\n\t\t\t\t\t\t\t\t<input type=\"text\" name=\"contact_email\" class=\"txt autoclear\" placeholder=\"Email\" style=\"border-width:0px\" \/>\n\t\t\t\t\t\t\t<\/fieldset><fieldset class=\"field_subject contact_fieldset\">\n\t\t\t\t\t\t\t\t<input type=\"text\" name=\"contact_subject\" class=\"txt autoclear\" placeholder=\"Subject\" style=\"border-width:0px\" \/>\n\t\t\t\t\t\t<\/fieldset><fieldset class=\"field_comment contact_fieldset\">\n\t\t\t\t\t\t\t\t<textarea name=\"contact_comment\" class=\"txt_area autoclear\" placeholder=\"Message\" style=\"border-width:0px\" ><\/textarea>\n\t\t\t\t\t\t\t<\/fieldset><fieldset class=\"contact_fieldset submit-fieldset\">\n\t\t\t\t\t\t\t\t<input type = \"hidden\" name = \"contact_style\" value = \"style1\"\/> \n\t\t\t\t\t\t\t\t<input type=\"hidden\" name=\"oshine_nonce\" value=\"c326a153e2\" \/>\n\t\t\t\t\t\t\t\t<input type=\"submit\" name=\"contact_submit\" value=\"Submit\" class=\"contact_submit tatsu-button rounded mediumbtn\" \/>\n\t\t\t\t\t\t\t\t<div class=\"contact_loader\"><div class=\"font-icon loader-style4-wrap loader-icon\"><\/div><\/div>\n\t\t\t\t\t\t\t<\/fieldset><div class=\"contact_status tatsu-notification\"><\/div>\n\t\t\t\t\t\t<\/form><style>.tatsu-fqp29s6dhy4adk19 input[type=\"text\"], .tatsu-fqp29s6dhy4adk19 textarea{background-color: #f4f9f8;color: #666666 ;}.tatsu-fqp29s6dhy4adk19 input[type=\"text\"]{height: 40px;}.tatsu-fqp29s6dhy4adk19 .contact_submit{background-color: #000000;color: rgba(255,255,255,1) ;}<\/style>\n\t\t\t\t\t<\/div><\/div><\/div><div class = \"tatsu-column-bg-image-wrap\"><div class = \"tatsu-column-bg-image\" ><\/div><\/div><\/div><style>.tatsu-row > .tatsu-fqp29s6dhq9j6s0x.tatsu-column{width: 34.8%;}.tatsu-fqp29s6dhq9j6s0x.tatsu-column > .tatsu-column-inner > .tatsu-column-overlay{mix-blend-mode: none;}.tatsu-fqp29s6dhq9j6s0x > .tatsu-column-inner > .tatsu-top-divider{z-index: 9999;}.tatsu-fqp29s6dhq9j6s0x > .tatsu-column-inner > .tatsu-bottom-divider{z-index: 9999;}.tatsu-fqp29s6dhq9j6s0x > .tatsu-column-inner > .tatsu-left-divider{z-index: 9999;}.tatsu-fqp29s6dhq9j6s0x > .tatsu-column-inner > .tatsu-right-divider{z-index: 9999;}@media only screen and (max-width:1377px) {.tatsu-row > .tatsu-fqp29s6dhq9j6s0x.tatsu-column{width: 33.33%;}}@media only screen and (min-width:768px) and (max-width: 1024px) {.tatsu-row > .tatsu-fqp29s6dhq9j6s0x.tatsu-column{width: 33.33%;}}@media only screen and (max-width: 767px) {.tatsu-row > .tatsu-fqp29s6dhq9j6s0x.tatsu-column{width: 100%;}}<\/style><\/div><div  class=\"tatsu-column  tatsu-bg-overlay tatsu-one-third tatsu-column-image-none tatsu-column-effect-none  tatsu-B1-HIIP4pu\"  data-parallax-speed=\"0\" style=\"\"><div class=\"tatsu-column-inner \" ><div class=\"tatsu-column-pad-wrap\"><div class=\"tatsu-column-pad\" ><div  class=\"tatsu-module tatsu-gmap-wrapper be-gdpr-consent-replace tatsu-rkc_Uw4Td   \" data-gdpr-concern=\"gmaps\" ><div class=\"tatsu-gmap map_960\" data-address=\"Vasarakatu 9, jyv\u00e4skyl\u00e4\"  data-zoom=\"14\" data-latitude=\"62.25531078277748 25.770750612486307\" data-longitude=\" 25.770750612486307\" data-marker=\"\" data-style=\"standard\"><\/div><style>.tatsu-rkc_Uw4Td{height: 300px;}<\/style><\/div><div class=\"tatsu-module tatsu-gmap-wrapper be-gdpr-consent-message  tatsu-rkc_Uw4Td  \"  style=\"background-position:center;background-size:cover;background-image:url(data:image\/png;base64,VGhlIEdvb2dsZSBNYXBzIFBsYXRmb3JtIHNlcnZlciByZWplY3RlZCB5b3VyIHJlcXVlc3QuIFlvdSBtdXN0IHVzZSBhbiBBUEkga2V5IHRvIGF1dGhlbnRpY2F0ZSBlYWNoIHJlcXVlc3QgdG8gR29vZ2xlIE1hcHMgUGxhdGZvcm0gQVBJcy4gRm9yIGFkZGl0aW9uYWwgaW5mb3JtYXRpb24sIHBsZWFzZSByZWZlciB0byBodHRwOi8vZy5jby9kZXYvbWFwcy1uby1hY2NvdW50);\" >  \n\t\t\t<style>.tatsu-rkc_Uw4Td{height: 300px;}<\/style>\n\t\t\t<div class=\"static-map-overlay\">\n\t\t\t<div class=\"static-map-content\">Your consent is required to display this content from google maps - <a href=\"#gdpr-popup\" class=\"mfp-popup white-popup privacy-settings\" data-type=\"HTML\" >Privacy Settings<\/a> <\/div>\n\t\t\t<\/div>\n\t\t\t<\/div><\/div><\/div><div class = \"tatsu-column-bg-image-wrap\"><div class = \"tatsu-column-bg-image\" ><\/div><\/div><div class=\"tatsu-overlay tatsu-column-overlay tatsu-animate-none\" ><\/div><\/div><style>.tatsu-row > .tatsu-B1-HIIP4pu.tatsu-column{width: 39.39%;}.tatsu-B1-HIIP4pu.tatsu-column > .tatsu-column-inner > .tatsu-column-overlay{mix-blend-mode: normal;}.tatsu-B1-HIIP4pu > .tatsu-column-inner > .tatsu-top-divider{z-index: 9999;}.tatsu-B1-HIIP4pu > .tatsu-column-inner > .tatsu-bottom-divider{z-index: 9999;}.tatsu-B1-HIIP4pu > .tatsu-column-inner > .tatsu-left-divider{z-index: 9999;}.tatsu-B1-HIIP4pu > .tatsu-column-inner > .tatsu-right-divider{z-index: 9999;}@media only screen and (max-width:1377px) {.tatsu-row > .tatsu-B1-HIIP4pu.tatsu-column{width: 33.33%;}}@media only screen and (min-width:768px) and (max-width: 1024px) {.tatsu-row > .tatsu-B1-HIIP4pu.tatsu-column{width: 33.33%;}}@media only screen and (max-width: 767px) {.tatsu-row > .tatsu-B1-HIIP4pu.tatsu-column{width: 100%;}}<\/style><\/div><\/div><\/div><\/div><div class=\"tatsu-section-background-wrap\"><div class = \"tatsu-section-background\" ><\/div><\/div><style>.tatsu-fqp29s6d7gds5n7y{border-width: 0px 0px px 0px;border-style: solid;}.tatsu-fqp29s6d7gds5n7y .tatsu-section-pad{padding: 43px 0% 90px 0%;}.tatsu-fqp29s6d7gds5n7y > .tatsu-bottom-divider{z-index: 9999;}.tatsu-fqp29s6d7gds5n7y > .tatsu-top-divider{z-index: 9999;}<\/style><\/div>\n","protected":false},"excerpt":{"rendered":"<p><a href=\"https:\/\/www.artotapio.org\/index.php\/contact\/\" class=\"more-link style3-button\">Read More<\/a><\/p>","protected":false},"author":1,"featured_media":0,"parent":0,"menu_order":0,"comment_status":"open","ping_status":"closed","template":"","meta":{"footnotes":""},"class_list":["post-174","page","type-page","status-publish","hentry"],"_links":{"self":[{"href":"https:\/\/www.artotapio.org\/index.php\/wp-json\/wp\/v2\/pages\/174","targetHints":{"allow":["GET"]}}],"collection":[{"href":"https:\/\/www.artotapio.org\/index.php\/wp-json\/wp\/v2\/pages"}],"about":[{"href":"https:\/\/www.artotapio.org\/index.php\/wp-json\/wp\/v2\/types\/page"}],"author":[{"embeddable":true,"href":"https:\/\/www.artotapio.org\/index.php\/wp-json\/wp\/v2\/users\/1"}],"replies":[{"embeddable":true,"href":"https:\/\/www.artotapio.org\/index.php\/wp-json\/wp\/v2\/comments?post=174"}],"version-history":[{"count":12,"href":"https:\/\/www.artotapio.org\/index.php\/wp-json\/wp\/v2\/pages\/174\/revisions"}],"predecessor-version":[{"id":3861,"href":"https:\/\/www.artotapio.org\/index.php\/wp-json\/wp\/v2\/pages\/174\/revisions\/3861"}],"wp:attachment":[{"href":"https:\/\/www.artotapio.org\/index.php\/wp-json\/wp\/v2\/media?parent=174"}],"curies":[{"name":"wp","href":"https:\/\/api.w.org\/{rel}","templated":true}]}}