{"id":170,"date":"2015-05-12T12:17:19","date_gmt":"2015-05-12T12:17:19","guid":{"rendered":"http:\/\/brandexponents.com\/oshin\/v17\/?page_id=170"},"modified":"2022-06-20T09:29:51","modified_gmt":"2022-06-20T09:29:51","slug":"about","status":"publish","type":"page","link":"https:\/\/www.artotapio.org\/index.php\/about\/","title":{"rendered":"About"},"content":{"rendered":"<div  class=\"tatsu-fqp29r6ou0a3uvrh tatsu-section  tatsu-fullscreen   tatsu-clearfix\" data-title=\"\"  data-headerscheme=\"background--dark\"><div class=\"tatsu-fullscreen-wrap\"><div class='tatsu-section-pad clearfix' data-padding='{\"d\":\"8px 2% 16em 52%\"}' data-padding-top='8px'><div class=\"tatsu-row-wrap  tatsu-wrap tatsu-row-has-one-half tatsu-row-has-two-cols tatsu-medium-gutter tatsu-reg-cols  tatsu-clearfix tatsu-fqp29r6ov0bslb47\" ><div  class=\"tatsu-row \" ><div  class=\"tatsu-column  tatsu-column-no-bg tatsu-one-half tatsu-column-image-none tatsu-column-effect-none  tatsu-fqp29r6ovefn03jp\"  data-parallax-speed=\"0\" style=\"\"><div class=\"tatsu-column-inner \" ><div class=\"tatsu-column-pad-wrap\"><div class=\"tatsu-column-pad\" ><div  class=\"tatsu-module tatsu-text-block-wrap tatsu-fqp29r6owp5kasp1  \"><div class=\"tatsu-text-inner tatsu-align-center  clearfix\" ><style>.tatsu-fqp29r6owp5kasp1.tatsu-text-block-wrap .tatsu-text-inner{text-align: left;}<\/style>\n<div class=\"be-text-inner clearfix\">\n<h2><span style=\"color: #ffffff;\">Arto Tapio<br \/>\n<\/span><\/h2>\n<\/div>\n<\/div><\/div><div  class=\"tatsu-empty-space  tatsu-fqp29r6p0dinpba  \" ><style>.tatsu-fqp29r6p0dinpba.tatsu-empty-space{height: 15px;}<\/style><\/div><div  class=\"special-subtitle-wrap  tatsu-fqp29r6p33gd3ch6  \"  ><div class=\"align-left\"><span class=\"special-subtitle\" >Valokuvaaja Jyv\u00e4skyl\u00e4st\u00e4<\/span><\/div><style>.tatsu-fqp29r6p33gd3ch6 .special-subtitle{font-size: 16px;color: rgba(255,255,255,1) ;width: 100%;}.tatsu-fqp29r6p33gd3ch6.special-subtitle-wrap{margin-bottom: 20px;}<\/style><\/div><div  class=\"tatsu-module tatsu-text-block-wrap tatsu-fqp29r6p5qcjg5iy  \"><div class=\"tatsu-text-inner tatsu-align-center  clearfix\" ><style>.tatsu-fqp29r6p5qcjg5iy.tatsu-text-block-wrap .tatsu-text-inner{text-align: left;color: rgba(255,255,255,1) ;}.tatsu-fqp29r6p5qcjg5iy .tatsu-text-inner *{color: rgba(255,255,255,1) ;}<\/style>\n<p>Hei, olen Arto ammattivalokuvaaja Jyv\u00e4skyl\u00e4n Palokasta. Olen toiminut valokuvaajana vuodesta 2007 alkaen.<\/p>\n<p>Palveluihini kuuluvat kaikenlaiset henkil\u00f6- ja tapahtumakuvaukset yksityisille ja yrityksille. Minulla on usean vuoden kokemus esimerkiksi h\u00e4\u00e4-, lapsi- ja perhekuvauksista sek\u00e4 newborn-, huomenlahja- ja odotuskuvauksista.<\/p>\n<p>Luonteeltani olen iloinen ja sosiaalinen. Vapaa-ajan harrastuksiini kuuluu musiikin kuuntelu, m\u00f6kkeily, lenkkeily ja kaikenlainen tietokoneella ropeltaminen<\/p>\n<\/div><\/div><div  class=\"tatsu-module tatsu-normal-button tatsu-button-wrap   tatsu-fqp29r6p996hccoi   \"><a class=\"tatsu-shortcode mediumbtn tatsu-button left-icon    bg-animation-none  \" href=\"https:\/\/www.artotapio.org\/index.php\/contact\/\" style= \"\"  aria-label=\"Ota Yhteytt\u00e4\" data-gdpr-atts={} >Ota Yhteytt\u00e4<\/a><style>.tatsu-fqp29r6p996hccoi .tatsu-button:hover{background-color: #ffffff;color: #000000 ;border-color: #ffffff; }.tatsu-fqp29r6p996hccoi .tatsu-button{color: rgba(255,255,255,1) ;border-width: 2px;border-color: rgba(255,255,255,1); }<\/style><\/div><\/div><\/div><div class = \"tatsu-column-bg-image-wrap\"><div class = \"tatsu-column-bg-image\" ><\/div><\/div><\/div><style>.tatsu-row > .tatsu-fqp29r6ovefn03jp.tatsu-column{width: 50%;}.tatsu-fqp29r6ovefn03jp.tatsu-column > .tatsu-column-inner > .tatsu-column-overlay{mix-blend-mode: none;}.tatsu-fqp29r6ovefn03jp > .tatsu-column-inner > .tatsu-top-divider{z-index: 9999;}.tatsu-fqp29r6ovefn03jp > .tatsu-column-inner > .tatsu-bottom-divider{z-index: 9999;}.tatsu-fqp29r6ovefn03jp > .tatsu-column-inner > .tatsu-left-divider{z-index: 9999;}.tatsu-fqp29r6ovefn03jp > .tatsu-column-inner > .tatsu-right-divider{z-index: 9999;}@media only screen and (max-width: 767px) {.tatsu-row > .tatsu-fqp29r6ovefn03jp.tatsu-column{width: 100%;}}<\/style><\/div><div  class=\"tatsu-column  tatsu-column-no-bg tatsu-one-half tatsu-column-image-none tatsu-column-effect-none  tatsu-fqp29r6pdh213sho\"  data-parallax-speed=\"0\" style=\"\"><div class=\"tatsu-column-inner \" ><div class=\"tatsu-column-pad-wrap\"><div class=\"tatsu-column-pad\" ><div  class=\"tatsu-empty-space  tatsu-fqp29r6pe5cz0j96  \" ><style>.tatsu-fqp29r6pe5cz0j96.tatsu-empty-space{height: 1px;}<\/style><\/div><\/div><\/div><div class = \"tatsu-column-bg-image-wrap\"><div class = \"tatsu-column-bg-image\" ><\/div><\/div><\/div><style>.tatsu-row > .tatsu-fqp29r6pdh213sho.tatsu-column{width: 50%;}.tatsu-fqp29r6pdh213sho.tatsu-column > .tatsu-column-inner > .tatsu-column-overlay{mix-blend-mode: none;}.tatsu-fqp29r6pdh213sho > .tatsu-column-inner > .tatsu-top-divider{z-index: 9999;}.tatsu-fqp29r6pdh213sho > .tatsu-column-inner > .tatsu-bottom-divider{z-index: 9999;}.tatsu-fqp29r6pdh213sho > .tatsu-column-inner > .tatsu-left-divider{z-index: 9999;}.tatsu-fqp29r6pdh213sho > .tatsu-column-inner > .tatsu-right-divider{z-index: 9999;}@media only screen and (max-width: 767px) {.tatsu-row > .tatsu-fqp29r6pdh213sho.tatsu-column{width: 100%;}}<\/style><\/div><\/div><\/div><\/div><div class=\"tatsu-section-background-wrap\"><div class = \"tatsu-section-background\" ><\/div><\/div><\/div><style>.tatsu-fqp29r6ou0a3uvrh.tatsu-section{background-color: #000000;margin: 0px 0px 1px -2px;}.tatsu-fqp29r6ou0a3uvrh .tatsu-section-background{background-image: url(https:\/\/www.artotapio.org\/wp-content\/uploads\/2021\/07\/Arto_small-9246723.jpg);background-repeat: no-repeat;background-attachment: fixed;background-position: center left;background-size: initial;}.tatsu-fqp29r6ou0a3uvrh .tatsu-bg-blur{background-repeat: no-repeat;background-attachment: fixed;background-position: center left;background-size: initial;}.tatsu-fqp29r6ou0a3uvrh .tatsu-section-pad{padding: 8px 2% 16em 52%;}.tatsu-fqp29r6ou0a3uvrh > .tatsu-bottom-divider{z-index: 9999;}.tatsu-fqp29r6ou0a3uvrh > .tatsu-top-divider{z-index: 9999;}.tatsu-fqp29r6ou0a3uvrh .tatsu-fullscreen-wrap{align-items: center;}@media only screen and (max-width: 767px) {.tatsu-fqp29r6ou0a3uvrh .tatsu-section-background{background-attachment: scroll;background-position: center center;background-size: cover;}.tatsu-fqp29r6ou0a3uvrh .tatsu-bg-blur{background-attachment: scroll;background-position: center center;background-size: cover;}}<\/style><\/div><div  class=\"tatsu-ryZEwE8VaO tatsu-section  tatsu-bg-overlay   tatsu-clearfix\" data-title=\"\"  data-headerscheme=\"background--dark\"><div class='tatsu-section-pad clearfix' data-padding='{\"d\":\"0px 0px 0px 0px\"}' data-padding-top='0px'><div class=\"tatsu-row-wrap  tatsu-wrap tatsu-row-one-col tatsu-row-has-one-cols tatsu-medium-gutter tatsu-reg-cols  tatsu-clearfix tatsu-S1e4v4U4ad\" ><div  class=\"tatsu-row \" ><div  class=\"tatsu-column  tatsu-bg-overlay tatsu-column-empty tatsu-one-col tatsu-column-image-none tatsu-column-effect-none  tatsu-HJED4LVT_\"  data-parallax-speed=\"0\" style=\"\"><div class=\"tatsu-column-inner \" ><div class=\"tatsu-column-pad-wrap\"><div class=\"tatsu-column-pad\" ><\/div><\/div><div class = \"tatsu-column-bg-image-wrap\"><div class = \"tatsu-column-bg-image\" ><\/div><\/div><div class=\"tatsu-overlay tatsu-column-overlay tatsu-animate-none\" ><\/div><\/div><style>.tatsu-row > .tatsu-HJED4LVT_.tatsu-column{width: 100%;}.tatsu-HJED4LVT_.tatsu-column > .tatsu-column-inner > .tatsu-column-overlay{mix-blend-mode: normal;}.tatsu-HJED4LVT_ > .tatsu-column-inner > .tatsu-top-divider{z-index: 9999;}.tatsu-HJED4LVT_ > .tatsu-column-inner > .tatsu-bottom-divider{z-index: 9999;}.tatsu-HJED4LVT_ > .tatsu-column-inner > .tatsu-left-divider{z-index: 9999;}.tatsu-HJED4LVT_ > .tatsu-column-inner > .tatsu-right-divider{z-index: 9999;}@media only screen and (max-width:1377px) {.tatsu-row > .tatsu-HJED4LVT_.tatsu-column{width: 100%;}}@media only screen and (min-width:768px) and (max-width: 1024px) {.tatsu-row > .tatsu-HJED4LVT_.tatsu-column{width: 100%;}}@media only screen and (max-width: 767px) {.tatsu-row > .tatsu-HJED4LVT_.tatsu-column{width: 100%;}}<\/style><\/div><\/div><\/div><\/div><div class=\"tatsu-section-background-wrap\"><div class = \"tatsu-section-background\" ><\/div><\/div><div class=\"tatsu-overlay tatsu-section-overlay\"><\/div><style>.tatsu-ryZEwE8VaO .tatsu-section-offset-wrap{transform: translateY(-0px);}.tatsu-ryZEwE8VaO > .tatsu-bottom-divider{z-index: 9999;}.tatsu-ryZEwE8VaO > .tatsu-top-divider{z-index: 9999;}.tatsu-ryZEwE8VaO .tatsu-section-overlay{mix-blend-mode: normal;}<\/style><\/div><div  class=\"tatsu-fqp29r6pl8boep7j tatsu-section    tatsu-clearfix\" data-title=\"\"  data-headerscheme=\"background--dark\"><div class='tatsu-section-pad clearfix' data-padding='{\"d\":\"0px 0% 0px 0%\"}' data-padding-top='0px'><div class=\"tatsu-row-wrap  tatsu-wrap tatsu-row-has-one-half tatsu-row-has-three-cols tatsu-medium-gutter tatsu-reg-cols  tatsu-clearfix tatsu-fqp29r6pmjbb81fu\" ><div  class=\"tatsu-row \" ><div  class=\"tatsu-column  tatsu-column-no-bg tatsu-one-fourth tatsu-column-image-none tatsu-column-effect-none  tatsu-fqp29r6pmv6k4dxr\"  data-parallax-speed=\"0\" style=\"\"><div class=\"tatsu-column-inner \" ><div class=\"tatsu-column-pad-wrap\"><div class=\"tatsu-column-pad\" ><div  class=\"tatsu-empty-space  tatsu-fqp29r6pqrfosphl  \" ><style>.tatsu-fqp29r6pqrfosphl.tatsu-empty-space{height: 10px;}<\/style><\/div><\/div><\/div><div class = \"tatsu-column-bg-image-wrap\"><div class = \"tatsu-column-bg-image\" ><\/div><\/div><\/div><style>.tatsu-row > .tatsu-fqp29r6pmv6k4dxr.tatsu-column{width: 25%;}.tatsu-fqp29r6pmv6k4dxr.tatsu-column > .tatsu-column-inner > .tatsu-column-overlay{mix-blend-mode: none;}.tatsu-fqp29r6pmv6k4dxr > .tatsu-column-inner > .tatsu-top-divider{z-index: 9999;}.tatsu-fqp29r6pmv6k4dxr > .tatsu-column-inner > .tatsu-bottom-divider{z-index: 9999;}.tatsu-fqp29r6pmv6k4dxr > .tatsu-column-inner > .tatsu-left-divider{z-index: 9999;}.tatsu-fqp29r6pmv6k4dxr > .tatsu-column-inner > .tatsu-right-divider{z-index: 9999;}@media only screen and (max-width: 767px) {.tatsu-row > .tatsu-fqp29r6pmv6k4dxr.tatsu-column{width: 100%;}}<\/style><\/div><div  class=\"tatsu-column  tatsu-column-no-bg tatsu-one-fourth tatsu-column-image-none tatsu-column-effect-none  tatsu-fqp29r6pvq2vuy5u\"  data-parallax-speed=\"0\" style=\"\"><div class=\"tatsu-column-inner \" ><div class=\"tatsu-column-pad-wrap\"><div class=\"tatsu-column-pad\" ><div  class=\"tatsu-empty-space  tatsu-fqp29r6pyo13rv9c  \" ><style>.tatsu-fqp29r6pyo13rv9c.tatsu-empty-space{height: 10px;}<\/style><\/div><\/div><\/div><div class = \"tatsu-column-bg-image-wrap\"><div class = \"tatsu-column-bg-image\" ><\/div><\/div><\/div><style>.tatsu-row > .tatsu-fqp29r6pvq2vuy5u.tatsu-column{width: 24.9%;}.tatsu-fqp29r6pvq2vuy5u.tatsu-column > .tatsu-column-inner > .tatsu-column-overlay{mix-blend-mode: none;}.tatsu-fqp29r6pvq2vuy5u > .tatsu-column-inner > .tatsu-top-divider{z-index: 9999;}.tatsu-fqp29r6pvq2vuy5u > .tatsu-column-inner > .tatsu-bottom-divider{z-index: 9999;}.tatsu-fqp29r6pvq2vuy5u > .tatsu-column-inner > .tatsu-left-divider{z-index: 9999;}.tatsu-fqp29r6pvq2vuy5u > .tatsu-column-inner > .tatsu-right-divider{z-index: 9999;}@media only screen and (max-width: 767px) {.tatsu-row > .tatsu-fqp29r6pvq2vuy5u.tatsu-column{width: 100%;}}<\/style><\/div><div  class=\"tatsu-column  tatsu-column-no-bg tatsu-column-empty tatsu-one-half tatsu-column-image-none tatsu-column-effect-none  tatsu-fqp29r6q4635hal\"  data-parallax-speed=\"0\" style=\"\"><div class=\"tatsu-column-inner \" ><div class=\"tatsu-column-pad-wrap\"><div class=\"tatsu-column-pad\" ><\/div><\/div><div class = \"tatsu-column-bg-image-wrap\"><div class = \"tatsu-column-bg-image\" ><\/div><\/div><\/div><style>.tatsu-row > .tatsu-fqp29r6q4635hal.tatsu-column{width: 50.09%;}.tatsu-fqp29r6q4635hal.tatsu-column > .tatsu-column-inner > .tatsu-column-overlay{mix-blend-mode: none;}.tatsu-fqp29r6q4635hal > .tatsu-column-inner > .tatsu-top-divider{z-index: 9999;}.tatsu-fqp29r6q4635hal > .tatsu-column-inner > .tatsu-bottom-divider{z-index: 9999;}.tatsu-fqp29r6q4635hal > .tatsu-column-inner > .tatsu-left-divider{z-index: 9999;}.tatsu-fqp29r6q4635hal > .tatsu-column-inner > .tatsu-right-divider{z-index: 9999;}@media only screen and (max-width: 767px) {.tatsu-row > .tatsu-fqp29r6q4635hal.tatsu-column{width: 100%;}}<\/style><\/div><\/div><\/div><\/div><div class=\"tatsu-section-background-wrap\"><div class = \"tatsu-section-background\" ><\/div><\/div><style>.tatsu-fqp29r6pl8boep7j .tatsu-section-pad{padding: 0px 0% 0px 0%;}.tatsu-fqp29r6pl8boep7j > .tatsu-bottom-divider{z-index: 9999;}.tatsu-fqp29r6pl8boep7j > .tatsu-top-divider{z-index: 9999;}<\/style><\/div>\n","protected":false},"excerpt":{"rendered":"<p><a href=\"https:\/\/www.artotapio.org\/index.php\/about\/\" class=\"more-link style3-button\">Read More<\/a><\/p>","protected":false},"author":1,"featured_media":0,"parent":0,"menu_order":0,"comment_status":"open","ping_status":"closed","template":"","meta":{"footnotes":""},"class_list":["post-170","page","type-page","status-publish","hentry"],"_links":{"self":[{"href":"https:\/\/www.artotapio.org\/index.php\/wp-json\/wp\/v2\/pages\/170","targetHints":{"allow":["GET"]}}],"collection":[{"href":"https:\/\/www.artotapio.org\/index.php\/wp-json\/wp\/v2\/pages"}],"about":[{"href":"https:\/\/www.artotapio.org\/index.php\/wp-json\/wp\/v2\/types\/page"}],"author":[{"embeddable":true,"href":"https:\/\/www.artotapio.org\/index.php\/wp-json\/wp\/v2\/users\/1"}],"replies":[{"embeddable":true,"href":"https:\/\/www.artotapio.org\/index.php\/wp-json\/wp\/v2\/comments?post=170"}],"version-history":[{"count":35,"href":"https:\/\/www.artotapio.org\/index.php\/wp-json\/wp\/v2\/pages\/170\/revisions"}],"predecessor-version":[{"id":3862,"href":"https:\/\/www.artotapio.org\/index.php\/wp-json\/wp\/v2\/pages\/170\/revisions\/3862"}],"wp:attachment":[{"href":"https:\/\/www.artotapio.org\/index.php\/wp-json\/wp\/v2\/media?parent=170"}],"curies":[{"name":"wp","href":"https:\/\/api.w.org\/{rel}","templated":true}]}}